{"id":131,"date":"2022-06-07T18:03:53","date_gmt":"2022-06-07T18:03:53","guid":{"rendered":"https:\/\/tfainternational.org\/?page_id=131"},"modified":"2022-09-29T16:15:10","modified_gmt":"2022-09-29T16:15:10","slug":"guatemala-2","status":"publish","type":"page","link":"https:\/\/tfainternational.org\/es\/humanitarian-aid\/guatemala-2\/","title":{"rendered":"Guatemala"},"content":{"rendered":"<div data-elementor-type=\"wp-page\" data-elementor-id=\"131\" class=\"elementor elementor-131\">\n\t\t\t\t\t\t<section class=\"elementor-section elementor-top-section elementor-element elementor-element-dea428a elementor-section-boxed elementor-section-height-default elementor-section-height-default\" data-id=\"dea428a\" data-element_type=\"section\" data-e-type=\"section\" data-settings=\"{&quot;background_background&quot;:&quot;classic&quot;}\">\n\t\t\t\t\t\t<div class=\"elementor-container elementor-column-gap-default\">\n\t\t\t\t\t<div class=\"elementor-column elementor-col-100 elementor-top-column elementor-element elementor-element-1469e76\" data-id=\"1469e76\" data-element_type=\"column\" data-e-type=\"column\">\n\t\t\t<div class=\"elementor-widget-wrap elementor-element-populated\">\n\t\t\t\t\t\t<div class=\"elementor-element elementor-element-8615669 elementor-widget elementor-widget-spacer\" data-id=\"8615669\" data-element_type=\"widget\" data-e-type=\"widget\" data-widget_type=\"spacer.default\">\n\t\t\t\t<div class=\"elementor-widget-container\">\n\t\t\t\t\t\t\t<div class=\"elementor-spacer\">\n\t\t\t<div class=\"elementor-spacer-inner\"><\/div>\n\t\t<\/div>\n\t\t\t\t\t\t<\/div>\n\t\t\t\t<\/div>\n\t\t\t\t<div class=\"elementor-element elementor-element-6bfacdf elementor-widget elementor-widget-heading\" data-id=\"6bfacdf\" data-element_type=\"widget\" data-e-type=\"widget\" data-widget_type=\"heading.default\">\n\t\t\t\t<div class=\"elementor-widget-container\">\n\t\t\t\t\t<h2 class=\"elementor-heading-title elementor-size-default\">Ayuda Social<\/h2>\t\t\t\t<\/div>\n\t\t\t\t<\/div>\n\t\t\t\t<div class=\"elementor-element elementor-element-92d9ecf elementor-widget elementor-widget-spacer\" data-id=\"92d9ecf\" data-element_type=\"widget\" data-e-type=\"widget\" data-widget_type=\"spacer.default\">\n\t\t\t\t<div class=\"elementor-widget-container\">\n\t\t\t\t\t\t\t<div class=\"elementor-spacer\">\n\t\t\t<div class=\"elementor-spacer-inner\"><\/div>\n\t\t<\/div>\n\t\t\t\t\t\t<\/div>\n\t\t\t\t<\/div>\n\t\t\t\t<div class=\"elementor-element elementor-element-d11dfa5 elementor-widget elementor-widget-text-editor\" data-id=\"d11dfa5\" data-element_type=\"widget\" data-e-type=\"widget\" data-widget_type=\"text-editor.default\">\n\t\t\t\t<div class=\"elementor-widget-container\">\n\t\t\t\t\t\t\t\t\t<p><b>Hay m\u00e1s bendici\u00f3n en dar<br \/>que en recibir.<\/b><\/p>\t\t\t\t\t\t\t\t<\/div>\n\t\t\t\t<\/div>\n\t\t\t\t<div class=\"elementor-element elementor-element-1bbac0b elementor-widget elementor-widget-spacer\" data-id=\"1bbac0b\" data-element_type=\"widget\" data-e-type=\"widget\" data-widget_type=\"spacer.default\">\n\t\t\t\t<div class=\"elementor-widget-container\">\n\t\t\t\t\t\t\t<div class=\"elementor-spacer\">\n\t\t\t<div class=\"elementor-spacer-inner\"><\/div>\n\t\t<\/div>\n\t\t\t\t\t\t<\/div>\n\t\t\t\t<\/div>\n\t\t\t\t\t<\/div>\n\t\t<\/div>\n\t\t\t\t\t<\/div>\n\t\t<\/section>\n\t\t\t\t<section class=\"elementor-section elementor-top-section elementor-element elementor-element-e6ac38d elementor-section-boxed elementor-section-height-default elementor-section-height-default\" data-id=\"e6ac38d\" data-element_type=\"section\" data-e-type=\"section\" data-settings=\"{&quot;background_background&quot;:&quot;classic&quot;}\">\n\t\t\t\t\t\t<div class=\"elementor-container elementor-column-gap-default\">\n\t\t\t\t\t<div class=\"elementor-column elementor-col-100 elementor-top-column elementor-element elementor-element-7f0157d\" data-id=\"7f0157d\" data-element_type=\"column\" data-e-type=\"column\">\n\t\t\t<div class=\"elementor-widget-wrap elementor-element-populated\">\n\t\t\t\t\t\t<div class=\"elementor-element elementor-element-f7a6edc elementor-widget elementor-widget-spacer\" data-id=\"f7a6edc\" data-element_type=\"widget\" data-e-type=\"widget\" data-widget_type=\"spacer.default\">\n\t\t\t\t<div class=\"elementor-widget-container\">\n\t\t\t\t\t\t\t<div class=\"elementor-spacer\">\n\t\t\t<div class=\"elementor-spacer-inner\"><\/div>\n\t\t<\/div>\n\t\t\t\t\t\t<\/div>\n\t\t\t\t<\/div>\n\t\t\t\t\t<\/div>\n\t\t<\/div>\n\t\t\t\t\t<\/div>\n\t\t<\/section>\n\t\t\t\t<section class=\"elementor-section elementor-top-section elementor-element elementor-element-8eaf93e elementor-section-boxed elementor-section-height-default elementor-section-height-default\" data-id=\"8eaf93e\" data-element_type=\"section\" data-e-type=\"section\" data-settings=\"{&quot;background_background&quot;:&quot;gradient&quot;}\">\n\t\t\t\t\t\t<div class=\"elementor-container elementor-column-gap-default\">\n\t\t\t\t\t<div class=\"elementor-column elementor-col-50 elementor-top-column elementor-element elementor-element-c7e6bd0\" data-id=\"c7e6bd0\" data-element_type=\"column\" data-e-type=\"column\" data-settings=\"{&quot;background_background&quot;:&quot;gradient&quot;}\">\n\t\t\t<div class=\"elementor-widget-wrap elementor-element-populated\">\n\t\t\t\t\t\t<div class=\"elementor-element elementor-element-aa74b99 elementor-widget elementor-widget-spacer\" data-id=\"aa74b99\" data-element_type=\"widget\" data-e-type=\"widget\" data-widget_type=\"spacer.default\">\n\t\t\t\t<div class=\"elementor-widget-container\">\n\t\t\t\t\t\t\t<div class=\"elementor-spacer\">\n\t\t\t<div class=\"elementor-spacer-inner\"><\/div>\n\t\t<\/div>\n\t\t\t\t\t\t<\/div>\n\t\t\t\t<\/div>\n\t\t\t\t<div class=\"elementor-element elementor-element-ef2cb5d elementor-widget elementor-widget-heading\" data-id=\"ef2cb5d\" data-element_type=\"widget\" data-e-type=\"widget\" data-widget_type=\"heading.default\">\n\t\t\t\t<div class=\"elementor-widget-container\">\n\t\t\t\t\t<h2 class=\"elementor-heading-title elementor-size-default\">Guatemala<\/h2>\t\t\t\t<\/div>\n\t\t\t\t<\/div>\n\t\t\t\t<div class=\"elementor-element elementor-element-a4ef53c elementor-widget elementor-widget-spacer\" data-id=\"a4ef53c\" data-element_type=\"widget\" data-e-type=\"widget\" data-widget_type=\"spacer.default\">\n\t\t\t\t<div class=\"elementor-widget-container\">\n\t\t\t\t\t\t\t<div class=\"elementor-spacer\">\n\t\t\t<div class=\"elementor-spacer-inner\"><\/div>\n\t\t<\/div>\n\t\t\t\t\t\t<\/div>\n\t\t\t\t<\/div>\n\t\t\t\t<div class=\"elementor-element elementor-element-a0cbce3 elementor-widget elementor-widget-image\" data-id=\"a0cbce3\" data-element_type=\"widget\" data-e-type=\"widget\" data-widget_type=\"image.default\">\n\t\t\t\t<div class=\"elementor-widget-container\">\n\t\t\t\t\t\t\t\t\t\t\t\t\t\t\t<img fetchpriority=\"high\" decoding=\"async\" width=\"375\" height=\"200\" src=\"https:\/\/tfainternational.org\/wp-content\/uploads\/2022\/06\/guatemala.webp\" class=\"attachment-large size-large wp-image-102\" alt=\"\" srcset=\"https:\/\/tfainternational.org\/wp-content\/uploads\/2022\/06\/guatemala.webp 375w, https:\/\/tfainternational.org\/wp-content\/uploads\/2022\/06\/guatemala-300x160.webp 300w\" sizes=\"(max-width: 375px) 100vw, 375px\" \/>\t\t\t\t\t\t\t\t\t\t\t\t\t\t\t<\/div>\n\t\t\t\t<\/div>\n\t\t\t\t<div class=\"elementor-element elementor-element-43bf51b elementor-widget elementor-widget-spacer\" data-id=\"43bf51b\" data-element_type=\"widget\" data-e-type=\"widget\" data-widget_type=\"spacer.default\">\n\t\t\t\t<div class=\"elementor-widget-container\">\n\t\t\t\t\t\t\t<div class=\"elementor-spacer\">\n\t\t\t<div class=\"elementor-spacer-inner\"><\/div>\n\t\t<\/div>\n\t\t\t\t\t\t<\/div>\n\t\t\t\t<\/div>\n\t\t\t\t\t<\/div>\n\t\t<\/div>\n\t\t\t\t<div class=\"elementor-column elementor-col-50 elementor-top-column elementor-element elementor-element-aad67a6\" data-id=\"aad67a6\" data-element_type=\"column\" data-e-type=\"column\">\n\t\t\t<div class=\"elementor-widget-wrap elementor-element-populated\">\n\t\t\t\t\t\t<div class=\"elementor-element elementor-element-c37dda5 elementor-widget elementor-widget-heading\" data-id=\"c37dda5\" data-element_type=\"widget\" data-e-type=\"widget\" data-widget_type=\"heading.default\">\n\t\t\t\t<div class=\"elementor-widget-container\">\n\t\t\t\t\t<h2 class=\"elementor-heading-title elementor-size-default\">Guatemala<\/h2>\t\t\t\t<\/div>\n\t\t\t\t<\/div>\n\t\t\t\t<div class=\"elementor-element elementor-element-226b6e2 elementor-widget elementor-widget-text-editor\" data-id=\"226b6e2\" data-element_type=\"widget\" data-e-type=\"widget\" data-widget_type=\"text-editor.default\">\n\t\t\t\t<div class=\"elementor-widget-container\">\n\t\t\t\t\t\t\t\t\t<p>En 2017, tuve el honor de viajar a Guatemala con un equipo de Evangel Church en Kelowna, dirigido por el pastor de misiones Irv y Linda. Estos equipos han estado mostrando el amor de Dios a las personas en Guatemala durante muchos a\u00f1os debido a la dedicaci\u00f3n y generosidad de personas como ustedes.<span class=\"Apple-converted-space\">\u00a0<\/span><\/p><p>Nosotros visitamos diferentes pueblos y tuvimos la oportunidad de distribuir ropa, bicicletas, \u00fatiles escolares, computadoras y comida enlatada.<span class=\"Apple-converted-space\">\u00a0 <\/span>Tambi\u00e9n fuimos a una prisi\u00f3n de mujeres, a un hospital maternal, a Desaf\u00edo Juvenil, un orfanato y escuelas.<span class=\"Apple-converted-space\">\u00a0<\/span><\/p><p>En cada lugar que visitamos, tuvimos la bendici\u00f3n de brindar ayuda material y espiritual.<span class=\"Apple-converted-space\">\u00a0<\/span><\/p>\t\t\t\t\t\t\t\t<\/div>\n\t\t\t\t<\/div>\n\t\t\t\t\t<\/div>\n\t\t<\/div>\n\t\t\t\t\t<\/div>\n\t\t<\/section>\n\t\t\t\t<section class=\"elementor-section elementor-top-section elementor-element elementor-element-5ed7eaf elementor-section-boxed elementor-section-height-default elementor-section-height-default\" data-id=\"5ed7eaf\" data-element_type=\"section\" data-e-type=\"section\" data-settings=\"{&quot;background_background&quot;:&quot;gradient&quot;}\">\n\t\t\t\t\t\t<div class=\"elementor-container elementor-column-gap-default\">\n\t\t\t\t\t<div class=\"elementor-column elementor-col-100 elementor-top-column elementor-element elementor-element-56feea3\" data-id=\"56feea3\" data-element_type=\"column\" data-e-type=\"column\">\n\t\t\t<div class=\"elementor-widget-wrap elementor-element-populated\">\n\t\t\t\t\t\t<div class=\"elementor-element elementor-element-90bffc6 elementor-widget elementor-widget-image\" data-id=\"90bffc6\" data-element_type=\"widget\" data-e-type=\"widget\" data-widget_type=\"image.default\">\n\t\t\t\t<div class=\"elementor-widget-container\">\n\t\t\t\t\t\t\t\t\t\t\t\t\t\t\t<img decoding=\"async\" width=\"1024\" height=\"758\" src=\"https:\/\/tfainternational.org\/wp-content\/uploads\/2022\/06\/guatemala-1-1024x758.webp\" class=\"attachment-large size-large wp-image-132\" alt=\"\" srcset=\"https:\/\/tfainternational.org\/wp-content\/uploads\/2022\/06\/guatemala-1-1024x758.webp 1024w, https:\/\/tfainternational.org\/wp-content\/uploads\/2022\/06\/guatemala-1-300x222.webp 300w, https:\/\/tfainternational.org\/wp-content\/uploads\/2022\/06\/guatemala-1-768x568.webp 768w, https:\/\/tfainternational.org\/wp-content\/uploads\/2022\/06\/guatemala-1.webp 1046w\" sizes=\"(max-width: 1024px) 100vw, 1024px\" \/>\t\t\t\t\t\t\t\t\t\t\t\t\t\t\t<\/div>\n\t\t\t\t<\/div>\n\t\t\t\t<div class=\"elementor-element elementor-element-3ec55ad elementor-widget elementor-widget-image\" data-id=\"3ec55ad\" data-element_type=\"widget\" data-e-type=\"widget\" data-widget_type=\"image.default\">\n\t\t\t\t<div class=\"elementor-widget-container\">\n\t\t\t\t\t\t\t\t\t\t\t\t\t\t\t<img decoding=\"async\" width=\"1024\" height=\"514\" src=\"https:\/\/tfainternational.org\/wp-content\/uploads\/2022\/06\/guatemala-2-1024x514.webp\" class=\"attachment-large size-large wp-image-133\" alt=\"\" srcset=\"https:\/\/tfainternational.org\/wp-content\/uploads\/2022\/06\/guatemala-2-1024x514.webp 1024w, https:\/\/tfainternational.org\/wp-content\/uploads\/2022\/06\/guatemala-2-300x151.webp 300w, https:\/\/tfainternational.org\/wp-content\/uploads\/2022\/06\/guatemala-2-768x385.webp 768w, https:\/\/tfainternational.org\/wp-content\/uploads\/2022\/06\/guatemala-2.webp 1032w\" sizes=\"(max-width: 1024px) 100vw, 1024px\" \/>\t\t\t\t\t\t\t\t\t\t\t\t\t\t\t<\/div>\n\t\t\t\t<\/div>\n\t\t\t\t\t<\/div>\n\t\t<\/div>\n\t\t\t\t\t<\/div>\n\t\t<\/section>\n\t\t\t\t<\/div>","protected":false},"excerpt":{"rendered":"<p>Humanitarian Aid More blessings come from givingthan from receiving. Guatemala Guatemala In 2017, I had the honour of traveling to Guatemala with a team from Evangel Church in Kelowna, led by Pastor Irv and Linda. These teams had been showing God\u2019s love to people in Guatemala for many years because of the dedication and generosity&hellip;&nbsp;<a href=\"https:\/\/tfainternational.org\/es\/humanitarian-aid\/guatemala-2\/\" rel=\"bookmark\"><span class=\"screen-reader-text\">Guatemala<\/span><\/a><\/p>","protected":false},"author":5,"featured_media":0,"parent":96,"menu_order":0,"comment_status":"closed","ping_status":"closed","template":"page-templates\/template-pagebuilder-full-width.php","meta":{"neve_meta_sidebar":"","neve_meta_container":"","neve_meta_enable_content_width":"","neve_meta_content_width":0,"neve_meta_title_alignment":"","neve_meta_author_avatar":"","neve_post_elements_order":"","neve_meta_disable_header":"","neve_meta_disable_footer":"","neve_meta_disable_title":"","footnotes":""},"class_list":["post-131","page","type-page","status-publish","hentry"],"_links":{"self":[{"href":"https:\/\/tfainternational.org\/es\/wp-json\/wp\/v2\/pages\/131","targetHints":{"allow":["GET"]}}],"collection":[{"href":"https:\/\/tfainternational.org\/es\/wp-json\/wp\/v2\/pages"}],"about":[{"href":"https:\/\/tfainternational.org\/es\/wp-json\/wp\/v2\/types\/page"}],"author":[{"embeddable":true,"href":"https:\/\/tfainternational.org\/es\/wp-json\/wp\/v2\/users\/5"}],"replies":[{"embeddable":true,"href":"https:\/\/tfainternational.org\/es\/wp-json\/wp\/v2\/comments?post=131"}],"version-history":[{"count":0,"href":"https:\/\/tfainternational.org\/es\/wp-json\/wp\/v2\/pages\/131\/revisions"}],"up":[{"embeddable":true,"href":"https:\/\/tfainternational.org\/es\/wp-json\/wp\/v2\/pages\/96"}],"wp:attachment":[{"href":"https:\/\/tfainternational.org\/es\/wp-json\/wp\/v2\/media?parent=131"}],"curies":[{"name":"wp","href":"https:\/\/api.w.org\/{rel}","templated":true}]}}