{"id":236,"date":"2022-06-07T22:23:36","date_gmt":"2022-06-07T22:23:36","guid":{"rendered":"https:\/\/tfainternational.org\/?page_id=236"},"modified":"2022-12-08T20:10:14","modified_gmt":"2022-12-08T20:10:14","slug":"invinite-us","status":"publish","type":"page","link":"https:\/\/tfainternational.org\/es\/invinite-us\/","title":{"rendered":"Invinite us"},"content":{"rendered":"<div data-elementor-type=\"wp-page\" data-elementor-id=\"236\" class=\"elementor elementor-236\">\n\t\t\t\t\t\t<section class=\"elementor-section elementor-top-section elementor-element elementor-element-9b11d4a elementor-section-boxed elementor-section-height-default elementor-section-height-default\" data-id=\"9b11d4a\" data-element_type=\"section\" data-e-type=\"section\" data-settings=\"{&quot;background_background&quot;:&quot;classic&quot;}\">\n\t\t\t\t\t\t<div class=\"elementor-container elementor-column-gap-default\">\n\t\t\t\t\t<div class=\"elementor-column elementor-col-100 elementor-top-column elementor-element elementor-element-5868b97\" data-id=\"5868b97\" data-element_type=\"column\" data-e-type=\"column\">\n\t\t\t<div class=\"elementor-widget-wrap elementor-element-populated\">\n\t\t\t\t\t\t<div class=\"elementor-element elementor-element-67ac674 elementor-widget elementor-widget-spacer\" data-id=\"67ac674\" data-element_type=\"widget\" data-e-type=\"widget\" data-widget_type=\"spacer.default\">\n\t\t\t\t<div class=\"elementor-widget-container\">\n\t\t\t\t\t\t\t<div class=\"elementor-spacer\">\n\t\t\t<div class=\"elementor-spacer-inner\"><\/div>\n\t\t<\/div>\n\t\t\t\t\t\t<\/div>\n\t\t\t\t<\/div>\n\t\t\t\t<div class=\"elementor-element elementor-element-59d324c elementor-widget elementor-widget-heading\" data-id=\"59d324c\" data-element_type=\"widget\" data-e-type=\"widget\" data-widget_type=\"heading.default\">\n\t\t\t\t<div class=\"elementor-widget-container\">\n\t\t\t\t\t<h2 class=\"elementor-heading-title elementor-size-default\">Invol\u00facranos en tu comunidad<\/h2>\t\t\t\t<\/div>\n\t\t\t\t<\/div>\n\t\t\t\t<div class=\"elementor-element elementor-element-b365dd1 elementor-widget elementor-widget-spacer\" data-id=\"b365dd1\" data-element_type=\"widget\" data-e-type=\"widget\" data-widget_type=\"spacer.default\">\n\t\t\t\t<div class=\"elementor-widget-container\">\n\t\t\t\t\t\t\t<div class=\"elementor-spacer\">\n\t\t\t<div class=\"elementor-spacer-inner\"><\/div>\n\t\t<\/div>\n\t\t\t\t\t\t<\/div>\n\t\t\t\t<\/div>\n\t\t\t\t<div class=\"elementor-element elementor-element-04b3bbd elementor-widget elementor-widget-text-editor\" data-id=\"04b3bbd\" data-element_type=\"widget\" data-e-type=\"widget\" data-widget_type=\"text-editor.default\">\n\t\t\t\t<div class=\"elementor-widget-container\">\n\t\t\t\t\t\t\t\t\t<p><b>Hay m\u00e1s bendici\u00f3n en dar<br \/>que en recibir.<\/b><\/p>\t\t\t\t\t\t\t\t<\/div>\n\t\t\t\t<\/div>\n\t\t\t\t<div class=\"elementor-element elementor-element-7840379 elementor-widget elementor-widget-spacer\" data-id=\"7840379\" data-element_type=\"widget\" data-e-type=\"widget\" data-widget_type=\"spacer.default\">\n\t\t\t\t<div class=\"elementor-widget-container\">\n\t\t\t\t\t\t\t<div class=\"elementor-spacer\">\n\t\t\t<div class=\"elementor-spacer-inner\"><\/div>\n\t\t<\/div>\n\t\t\t\t\t\t<\/div>\n\t\t\t\t<\/div>\n\t\t\t\t\t<\/div>\n\t\t<\/div>\n\t\t\t\t\t<\/div>\n\t\t<\/section>\n\t\t\t\t<section class=\"elementor-section elementor-top-section elementor-element elementor-element-59dfe71 elementor-section-boxed elementor-section-height-default elementor-section-height-default\" data-id=\"59dfe71\" data-element_type=\"section\" data-e-type=\"section\">\n\t\t\t\t\t\t<div class=\"elementor-container elementor-column-gap-default\">\n\t\t\t\t\t<div class=\"elementor-column elementor-col-100 elementor-top-column elementor-element elementor-element-8de8cb9\" data-id=\"8de8cb9\" data-element_type=\"column\" data-e-type=\"column\">\n\t\t\t<div class=\"elementor-widget-wrap elementor-element-populated\">\n\t\t\t\t\t\t<div class=\"elementor-element elementor-element-55646e7 elementor-widget elementor-widget-image\" data-id=\"55646e7\" data-element_type=\"widget\" data-e-type=\"widget\" data-widget_type=\"image.default\">\n\t\t\t\t<div class=\"elementor-widget-container\">\n\t\t\t\t\t\t\t\t\t\t\t\t\t\t\t<img fetchpriority=\"high\" decoding=\"async\" width=\"486\" height=\"414\" src=\"https:\/\/tfainternational.org\/wp-content\/uploads\/2022\/06\/healing-center.webp\" class=\"attachment-large size-large wp-image-238\" alt=\"\" srcset=\"https:\/\/tfainternational.org\/wp-content\/uploads\/2022\/06\/healing-center.webp 486w, https:\/\/tfainternational.org\/wp-content\/uploads\/2022\/06\/healing-center-300x256.webp 300w\" sizes=\"(max-width: 486px) 100vw, 486px\" \/>\t\t\t\t\t\t\t\t\t\t\t\t\t\t\t<\/div>\n\t\t\t\t<\/div>\n\t\t\t\t\t<\/div>\n\t\t<\/div>\n\t\t\t\t\t<\/div>\n\t\t<\/section>\n\t\t\t\t<section class=\"elementor-section elementor-top-section elementor-element elementor-element-b8d2464 elementor-section-boxed elementor-section-height-default elementor-section-height-default\" data-id=\"b8d2464\" data-element_type=\"section\" data-e-type=\"section\">\n\t\t\t\t\t\t<div class=\"elementor-container elementor-column-gap-default\">\n\t\t\t\t\t<div class=\"elementor-column elementor-col-100 elementor-top-column elementor-element elementor-element-3c5cc85\" data-id=\"3c5cc85\" data-element_type=\"column\" data-e-type=\"column\">\n\t\t\t<div class=\"elementor-widget-wrap elementor-element-populated\">\n\t\t\t\t\t\t<div class=\"elementor-element elementor-element-e50c6da elementor-widget elementor-widget-spacer\" data-id=\"e50c6da\" data-element_type=\"widget\" data-e-type=\"widget\" data-widget_type=\"spacer.default\">\n\t\t\t\t<div class=\"elementor-widget-container\">\n\t\t\t\t\t\t\t<div class=\"elementor-spacer\">\n\t\t\t<div class=\"elementor-spacer-inner\"><\/div>\n\t\t<\/div>\n\t\t\t\t\t\t<\/div>\n\t\t\t\t<\/div>\n\t\t\t\t<div class=\"elementor-element elementor-element-c0fcc4b elementor-widget elementor-widget-heading\" data-id=\"c0fcc4b\" data-element_type=\"widget\" data-e-type=\"widget\" data-widget_type=\"heading.default\">\n\t\t\t\t<div class=\"elementor-widget-container\">\n\t\t\t\t\t<h3 class=\"elementor-heading-title elementor-size-default\">Reuniones\/Seminarios<\/h3>\t\t\t\t<\/div>\n\t\t\t\t<\/div>\n\t\t\t\t\t<\/div>\n\t\t<\/div>\n\t\t\t\t\t<\/div>\n\t\t<\/section>\n\t\t\t\t<section class=\"elementor-section elementor-top-section elementor-element elementor-element-d59c8c6 elementor-section-boxed elementor-section-height-default elementor-section-height-default\" data-id=\"d59c8c6\" data-element_type=\"section\" data-e-type=\"section\" data-settings=\"{&quot;background_background&quot;:&quot;gradient&quot;}\">\n\t\t\t\t\t\t<div class=\"elementor-container elementor-column-gap-default\">\n\t\t\t\t\t<div class=\"elementor-column elementor-col-50 elementor-top-column elementor-element elementor-element-baf1ae0\" data-id=\"baf1ae0\" data-element_type=\"column\" data-e-type=\"column\">\n\t\t\t<div class=\"elementor-widget-wrap elementor-element-populated\">\n\t\t\t\t\t\t<div class=\"elementor-element elementor-element-771c5d5 elementor-widget elementor-widget-image\" data-id=\"771c5d5\" data-element_type=\"widget\" data-e-type=\"widget\" data-widget_type=\"image.default\">\n\t\t\t\t<div class=\"elementor-widget-container\">\n\t\t\t\t\t\t\t\t\t\t\t\t\t\t\t<img decoding=\"async\" width=\"208\" height=\"252\" src=\"https:\/\/tfainternational.org\/wp-content\/uploads\/2022\/05\/lily.webp\" class=\"attachment-large size-large wp-image-63\" alt=\"\" \/>\t\t\t\t\t\t\t\t\t\t\t\t\t\t\t<\/div>\n\t\t\t\t<\/div>\n\t\t\t\t\t<\/div>\n\t\t<\/div>\n\t\t\t\t<div class=\"elementor-column elementor-col-50 elementor-top-column elementor-element elementor-element-ea537ef\" data-id=\"ea537ef\" data-element_type=\"column\" data-e-type=\"column\">\n\t\t\t<div class=\"elementor-widget-wrap elementor-element-populated\">\n\t\t\t\t\t\t<div class=\"elementor-element elementor-element-9e261a8 elementor-widget elementor-widget-text-editor\" data-id=\"9e261a8\" data-element_type=\"widget\" data-e-type=\"widget\" data-widget_type=\"text-editor.default\">\n\t\t\t\t<div class=\"elementor-widget-container\">\n\t\t\t\t\t\t\t\t\t<p>Como parte de la <i>\"School of Prayer Ministries\",<\/i> Lily est\u00e1 disponible para hablar en su iglesia, organizaci\u00f3n o retiro. Adem\u00e1s de compartir en los servicios dominicales, ha preparado varias presentaciones de PowerPoint de tres sesiones que funcionan bien cuando se llevan a cabo los fines de semana o durante las noches entre semana. <span class=\"Apple-converted-space\">\u00a0<\/span><\/p><p>En el pasado, los pastores, l\u00edderes y miembros de la iglesia se asombraban al escuchar un mensaje que respond\u00eda espec\u00edficamente a sus circunstancias y necesidades.<span class=\"Apple-converted-space\">\u00a0 <\/span>El Esp\u00edritu de Dios se mueve con poder durante los tiempos de ministerio al final de cada sesi\u00f3n.<\/p><p><b>Temas del reuniones\/seminario<\/b><\/p><ul><li>Aprendiendo a escuchar a la voz del Esp\u00edritu Santo<\/li><li>Ayuno y Oraci\u00f3n<\/li><li>Evangelizaci\u00f3n<\/li><li>Sanidades y Milagros<\/li><li>Liberaci\u00f3n de enfermedades del alma y el cuerpo<\/li><li>Y m\u00e1s\u2026<\/li><\/ul>\t\t\t\t\t\t\t\t<\/div>\n\t\t\t\t<\/div>\n\t\t\t\t\t<\/div>\n\t\t<\/div>\n\t\t\t\t\t<\/div>\n\t\t<\/section>\n\t\t\t\t<section class=\"elementor-section elementor-top-section elementor-element elementor-element-4ec442c elementor-section-boxed elementor-section-height-default elementor-section-height-default\" data-id=\"4ec442c\" data-element_type=\"section\" data-e-type=\"section\" data-settings=\"{&quot;background_background&quot;:&quot;gradient&quot;}\">\n\t\t\t\t\t\t<div class=\"elementor-container elementor-column-gap-default\">\n\t\t\t\t\t<div class=\"elementor-column elementor-col-100 elementor-top-column elementor-element elementor-element-461cba1\" data-id=\"461cba1\" data-element_type=\"column\" data-e-type=\"column\">\n\t\t\t<div class=\"elementor-widget-wrap elementor-element-populated\">\n\t\t\t\t\t\t<div class=\"elementor-element elementor-element-09a6091 elementor-widget elementor-widget-spacer\" data-id=\"09a6091\" data-element_type=\"widget\" data-e-type=\"widget\" data-widget_type=\"spacer.default\">\n\t\t\t\t<div class=\"elementor-widget-container\">\n\t\t\t\t\t\t\t<div class=\"elementor-spacer\">\n\t\t\t<div class=\"elementor-spacer-inner\"><\/div>\n\t\t<\/div>\n\t\t\t\t\t\t<\/div>\n\t\t\t\t<\/div>\n\t\t\t\t<div class=\"elementor-element elementor-element-e88b131 elementor-widget elementor-widget-heading\" data-id=\"e88b131\" data-element_type=\"widget\" data-e-type=\"widget\" data-widget_type=\"heading.default\">\n\t\t\t\t<div class=\"elementor-widget-container\">\n\t\t\t\t\t<h3 class=\"elementor-heading-title elementor-size-default\">Las expectativas de Lily<\/h3>\t\t\t\t<\/div>\n\t\t\t\t<\/div>\n\t\t\t\t<div class=\"elementor-element elementor-element-2be5364 elementor-widget elementor-widget-text-editor\" data-id=\"2be5364\" data-element_type=\"widget\" data-e-type=\"widget\" data-widget_type=\"text-editor.default\">\n\t\t\t\t<div class=\"elementor-widget-container\">\n\t\t\t\t\t\t\t\t\t<p>Por experiencia, he descubierto que los participantes tienen una experiencia m\u00e1s satisfactoria cuando los organizadores tienen una comprensi\u00f3n clara de mis expectativas.<span class=\"Apple-converted-space\">\u00a0 <\/span>Por lo tanto, le pedimos que revise esta informaci\u00f3n cuidadosamente.<\/p><p><b>Ofrenda voluntaria<\/b><\/p><p>Lily, no requiere honorarios fijos para compartir la Palabra de Dios porque cree en la misericordia y el poder de El sobre su sierva, as\u00ed como en la generosidad de los que asisten a las reuniones. Sin embargo, les pide que tome <i>una ofrenda voluntaria<\/i> en cada reuni\u00f3n. <span class=\"Apple-converted-space\">\u00a0<\/span><\/p><p><b>Lugar de reuni\u00f3n y organizaci\u00f3n<\/b><\/p><p>Si su iglesia permite el llamado al altar, ella requiere cierta capacitaci\u00f3n de ujieres para que la ayuden. Esto se puede lograr en una reuni\u00f3n breve antes del culto. <span class=\"Apple-converted-space\">\u00a0<\/span><\/p><p><b>School of prayer ministries resources<span class=\"Apple-converted-space\">\u00a0<\/span><\/b><\/p><p>Ella tiene libros que le gustar\u00eda ofrecer a los asistentes a las reuniones. Ella apreciar\u00eda tener unos minutos justo antes del tiempo para compartir para describir estos recursos a los asistentes. Tambi\u00e9n agradecer\u00eda el uso de una mesa en el vest\u00edbulo de su iglesia para exhibir estos materiales.<span class=\"Apple-converted-space\">\u00a0<\/span><\/p><p><b>Arreglos de viaje<\/b><\/p><p>Los costos de viaje son su responsabilidad. Esto incluye viajes hacia y desde su hogar a su comunidad.<span class=\"Apple-converted-space\">\u00a0<\/span><\/p><p><b>Alojamiento en<\/b> <b>hotel \/ Casa de familia<\/b><\/p><p>Normalmente, ella pasa gran parte de su tiempo libre en oraci\u00f3n durante sus viajes donde como resultado recibe discernimiento del Padre a trav\u00e9s del Esp\u00edritu Santo sobre la condici\u00f3n espiritual del lugar. <span class=\"Apple-converted-space\">\u00a0<\/span><\/p><p>Para acomodar este tiempo de oraci\u00f3n tan necesario, prefiere que se arregle el alojamiento en un hotel\/casa.<span class=\"Apple-converted-space\">\u00a0 <\/span>Un alojamiento sencillo, tranquilo, limpio y econ\u00f3mico es suficiente para sus necesidades. Requiere que usted cubra los gastos de hotel\/hogar y comidas. <span class=\"Apple-converted-space\">\u00a0<\/span><\/p>\t\t\t\t\t\t\t\t<\/div>\n\t\t\t\t<\/div>\n\t\t\t\t\t<\/div>\n\t\t<\/div>\n\t\t\t\t\t<\/div>\n\t\t<\/section>\n\t\t\t\t<\/div>","protected":false},"excerpt":{"rendered":"<p>Invinite us to your community More blessings come from givingthan from receiving. Seminars As part of the \u201cSchool of Prayer Ministries,\u201d Lily is available to speak at your church, organization or retreat. In addition to speaking at Sunday services, she has prepared several threesession Power Point Presentations that work well when held on a weekend&hellip;&nbsp;<a href=\"https:\/\/tfainternational.org\/es\/invinite-us\/\" rel=\"bookmark\"><span class=\"screen-reader-text\">Invinite us<\/span><\/a><\/p>","protected":false},"author":5,"featured_media":0,"parent":0,"menu_order":0,"comment_status":"closed","ping_status":"closed","template":"page-templates\/template-pagebuilder-full-width.php","meta":{"neve_meta_sidebar":"","neve_meta_container":"","neve_meta_enable_content_width":"","neve_meta_content_width":0,"neve_meta_title_alignment":"","neve_meta_author_avatar":"","neve_post_elements_order":"","neve_meta_disable_header":"","neve_meta_disable_footer":"","neve_meta_disable_title":"","footnotes":""},"class_list":["post-236","page","type-page","status-publish","hentry"],"_links":{"self":[{"href":"https:\/\/tfainternational.org\/es\/wp-json\/wp\/v2\/pages\/236","targetHints":{"allow":["GET"]}}],"collection":[{"href":"https:\/\/tfainternational.org\/es\/wp-json\/wp\/v2\/pages"}],"about":[{"href":"https:\/\/tfainternational.org\/es\/wp-json\/wp\/v2\/types\/page"}],"author":[{"embeddable":true,"href":"https:\/\/tfainternational.org\/es\/wp-json\/wp\/v2\/users\/5"}],"replies":[{"embeddable":true,"href":"https:\/\/tfainternational.org\/es\/wp-json\/wp\/v2\/comments?post=236"}],"version-history":[{"count":0,"href":"https:\/\/tfainternational.org\/es\/wp-json\/wp\/v2\/pages\/236\/revisions"}],"wp:attachment":[{"href":"https:\/\/tfainternational.org\/es\/wp-json\/wp\/v2\/media?parent=236"}],"curies":[{"name":"wp","href":"https:\/\/api.w.org\/{rel}","templated":true}]}}